{"id":76,"date":"2025-10-17T11:10:47","date_gmt":"2025-10-17T09:10:47","guid":{"rendered":"https:\/\/new.casinadegoyzueta.it\/?page_id=76"},"modified":"2025-10-29T12:31:53","modified_gmt":"2025-10-29T11:31:53","slug":"chi-siamo","status":"publish","type":"page","link":"https:\/\/new.casinadegoyzueta.it\/it\/chi-siamo\/","title":{"rendered":"Chi Siamo"},"content":{"rendered":"<p>[et_pb_section fb_built=&#8221;1&#8243; fullwidth=&#8221;on&#8221; _builder_version=&#8221;4.27.4&#8243; _module_preset=&#8221;default&#8221; global_colors_info=&#8221;{}&#8221;][et_pb_fullwidth_slider use_bg_overlay=&#8221;on&#8221; bg_overlay_color=&#8221;rgba(0,0,0,0.34)&#8221; use_text_overlay=&#8221;off&#8221; _builder_version=&#8221;4.27.4&#8243; _module_preset=&#8221;default&#8221; header_level=&#8221;h1&#8243; header_font=&#8221;|||on|||||&#8221; custom_padding=&#8221;150px||150px||true|false&#8221; auto=&#8221;on&#8221; auto_speed=&#8221;5000&#8243; auto_ignore_hover=&#8221;on&#8221; body_text_shadow_style=&#8221;preset2&#8243; global_colors_info=&#8221;{}&#8221;][et_pb_slide heading=&#8221;Chi siamo&#8221; url_new_window=&#8221;on&#8221; _builder_version=&#8221;4.27.4&#8243; _module_preset=&#8221;default&#8221; background_enable_color=&#8221;off&#8221; background_image=&#8221;https:\/\/new.casinadegoyzueta.it\/wp-content\/uploads\/2025\/10\/la-villa.jpg&#8221; background_enable_image=&#8221;on&#8221; custom_padding=&#8221;||||true|false&#8221; global_colors_info=&#8221;{}&#8221; sticky_transition=&#8221;on&#8221;]<\/p>\n<p>Un antica villa alle pendici del Vesuvio<\/p>\n<p>[\/et_pb_slide][\/et_pb_fullwidth_slider][\/et_pb_section][et_pb_section fb_built=&#8221;1&#8243; _builder_version=&#8221;4.27.4&#8243; _module_preset=&#8221;default&#8221; background_color=&#8221;#FFFFFF&#8221; custom_padding=&#8221;||12px|||&#8221; global_colors_info=&#8221;{}&#8221;][et_pb_row _builder_version=&#8221;4.27.4&#8243; _module_preset=&#8221;default&#8221; global_colors_info=&#8221;{}&#8221;][et_pb_column type=&#8221;4_4&#8243; _builder_version=&#8221;4.27.4&#8243; _module_preset=&#8221;default&#8221; global_colors_info=&#8221;{}&#8221;][et_pb_blurb title=&#8221;Un po&#8217; di storia&#8221; image=&#8221;https:\/\/new.casinadegoyzueta.it\/wp-content\/uploads\/2025\/10\/divider01.webp&#8221; alt=&#8221;&#8212;&#8212;&#8212;&#8212;&#8211;&#8221; content_max_width=&#8221;100%&#8221; _builder_version=&#8221;4.27.4&#8243; _module_preset=&#8221;default&#8221; header_level=&#8221;h2&#8243; header_font=&#8221;|600|||||||&#8221; header_text_align=&#8221;center&#8221; header_text_color=&#8221;#933401&#8243; header_font_size=&#8221;40px&#8221; animation_style=&#8221;slide&#8221; animation_direction=&#8221;bottom&#8221; animation_intensity_slide=&#8221;10%&#8221; global_colors_info=&#8221;{}&#8221;]<\/p>\n<p>Questa antica dimora nobiliare fu costruita alla fine del settecento nel cosiddetto &#8220;miglio d&#8217;oro&#8221; cos\u00ec definito perch\u00e8 &#8220;1 miglio&#8221; \u00e8 la distanza tra gli scavi di <strong>Ercolano<\/strong> e <strong>Torre del Greco<\/strong> (Pendici del Vesuvio), e &#8220;d&#8217;oro&#8221; per la ricchezza storica, architettonica e paesaggistica di quei luoghi.<\/p>\n<p>[\/et_pb_blurb][\/et_pb_column][\/et_pb_row][et_pb_row _builder_version=&#8221;4.27.4&#8243; _module_preset=&#8221;default&#8221; global_colors_info=&#8221;{}&#8221;][et_pb_column type=&#8221;4_4&#8243; _builder_version=&#8221;4.27.4&#8243; _module_preset=&#8221;default&#8221; global_colors_info=&#8221;{}&#8221;][et_pb_blurb image=&#8221;https:\/\/new.casinadegoyzueta.it\/wp-content\/uploads\/2025\/10\/carlo-di-borbone.jpg&#8221; alt=&#8221;Re Carlo di Borbone&#8221; icon_placement=&#8221;left&#8221; image_icon_width=&#8221;200px&#8221; content_max_width=&#8221;100%&#8221; module_class=&#8221;pa-vertical-align-blurb&#8221; _builder_version=&#8221;4.27.4&#8243; _module_preset=&#8221;default&#8221; header_level=&#8221;h2&#8243; header_font=&#8221;|700|||||||&#8221; header_text_color=&#8221;#EF804C&#8221; header_font_size=&#8221;28px&#8221; animation_style=&#8221;slide&#8221; animation_direction=&#8221;bottom&#8221; animation_delay=&#8221;100ms&#8221; animation_intensity_slide=&#8221;10%&#8221; border_radii_image=&#8221;on|10px|10px|10px|10px&#8221; border_color_all_image=&#8221;#FFFFFF&#8221; global_colors_info=&#8221;{}&#8221;]<\/p>\n<p>Il <strong>Re Carlo di Borbone<\/strong>, incantato dal paesaggio e dal clima, decise di costruire la &#8220;Reggia di Portici&#8221; e di finanziare gli scavi di Ercolano.<\/p>\n<p>La presenza prestigiosa della Reggia invogli\u00f2 la Corte napoletana a costruire magnifiche ville e giardini lungo il &#8220;miglio d&#8217;oro&#8221; affidandone i progetti ai migliori architetti dell&#8217;epoca.<\/p>\n<p>La Casina de Goyzueta appartiene a questa antica famiglia patrizia ed \u00e8 situata tra il golfo di Napoli ed il Vesuvio, circondata da giardini ricchi di fiori e agrumi.<\/p>\n<p>[\/et_pb_blurb][\/et_pb_column][\/et_pb_row][\/et_pb_section][et_pb_section fb_built=&#8221;1&#8243; prev_background_color=&#8221;#FFFFFF&#8221; _builder_version=&#8221;4.27.4&#8243; _module_preset=&#8221;default&#8221; background_color=&#8221;#f5f5f5&#8243; custom_padding=&#8221;129px|||||&#8221; top_divider_style=&#8221;arrow2&#8243; global_colors_info=&#8221;{}&#8221;][et_pb_row _builder_version=&#8221;4.27.4&#8243; _module_preset=&#8221;default&#8221; global_colors_info=&#8221;{}&#8221;][et_pb_column type=&#8221;4_4&#8243; _builder_version=&#8221;4.27.4&#8243; _module_preset=&#8221;default&#8221; global_colors_info=&#8221;{}&#8221;][et_pb_blurb title=&#8221;L&#8217;ambiente&#8221; image=&#8221;https:\/\/new.casinadegoyzueta.it\/wp-content\/uploads\/2025\/10\/divider01.webp&#8221; alt=&#8221;&#8212;&#8212;&#8212;&#8212;&#8211;&#8221; content_max_width=&#8221;100%&#8221; _builder_version=&#8221;4.27.4&#8243; _module_preset=&#8221;default&#8221; header_level=&#8221;h2&#8243; header_font=&#8221;|600|||||||&#8221; header_text_align=&#8221;center&#8221; header_text_color=&#8221;#933401&#8243; header_font_size=&#8221;30px&#8221; body_text_align=&#8221;left&#8221; text_orientation=&#8221;center&#8221; custom_margin=&#8221;||6px|||&#8221; animation_style=&#8221;slide&#8221; animation_direction=&#8221;bottom&#8221; animation_intensity_slide=&#8221;10%&#8221; global_colors_info=&#8221;{}&#8221;]<\/p>\n<p>L&#8217;ambiente \u00e8 silenzioso e gode di grande tranquillit\u00e0, un&#8217;oasi nel trambusto metropolitano, dove potersi rilassare dopo una giornata trascorsa visitando le numerose attrazioni della zona. Potrete godervi una vacanza nel centro del golfo, visitando gli scavi di <strong>Ercolano<\/strong> e <strong>Pompei<\/strong> cos\u00ec come il <strong>Vesuvio<\/strong> e le bellezze della <strong>Penisola Sorrentina<\/strong>, per poi riposarvi in un contesto armonioso e dotato di tutti i confort, dal barbecue alla piscina, dal giardino al campo da tennis.<\/p>\n<p>Per iniziare la giornata Casina de Goyzueta Luxury B&amp;B vi servir\u00e0, in una sala panoramica o con il bel tempo in giardino, una colazione abbondante e varia, dolce o salata, con prodotti locali e frutta fresca.<\/p>\n<p>[\/et_pb_blurb][et_pb_gallery gallery_ids=&#8221;85,84,83,82&#8243; fullwidth=&#8221;on&#8221; _builder_version=&#8221;4.27.4&#8243; _module_preset=&#8221;default&#8221; custom_margin=&#8221;50px||||false|false&#8221; auto=&#8221;on&#8221; custom_css_free_form=&#8221;.et-pb-controllers { display: none; }||.et-pb-slider-arrows { color: #fff; }&#8221; border_radii=&#8221;on|10px|10px|10px|10px&#8221; global_colors_info=&#8221;{}&#8221;][\/et_pb_gallery][et_pb_button button_url=&#8221;@ET-DC@eyJkeW5hbWljIjp0cnVlLCJjb250ZW50IjoicG9zdF9saW5rX3VybF9wYWdlIiwic2V0dGluZ3MiOnsicG9zdF9pZCI6IjQ0OCJ9fQ==@&#8221; button_text=&#8221;Richiedi Disponibilit\u00e0&#8221; _builder_version=&#8221;4.27.4&#8243; _dynamic_attributes=&#8221;button_url&#8221; _module_preset=&#8221;default&#8221; custom_button=&#8221;on&#8221; button_text_size=&#8221;20px&#8221; button_icon=&#8221;&#xf073;||fa||400&#8243; button_on_hover=&#8221;off&#8221; hover_enabled=&#8221;0&#8243; global_colors_info=&#8221;{}&#8221; theme_builder_area=&#8221;post_content&#8221; button_alignment=&#8221;center&#8221; sticky_enabled=&#8221;0&#8243; animation_style=&#8221;slide&#8221; animation_direction=&#8221;bottom&#8221; animation_intensity_slide=&#8221;10%&#8221;][\/et_pb_button][\/et_pb_column][\/et_pb_row][\/et_pb_section]<\/p>\n","protected":false},"excerpt":{"rendered":"<p>Un antica villa alle pendici del VesuvioQuesta antica dimora nobiliare fu costruita alla fine del settecento nel cosiddetto &#8220;miglio d&#8217;oro&#8221; cos\u00ec definito perch\u00e8 &#8220;1 miglio&#8221; \u00e8 la distanza tra gli scavi di Ercolano e Torre del Greco (Pendici del Vesuvio), e &#8220;d&#8217;oro&#8221; per la ricchezza storica, architettonica e paesaggistica di quei luoghi.Il Re Carlo di [&hellip;]<\/p>\n","protected":false},"author":1,"featured_media":79,"parent":0,"menu_order":0,"comment_status":"closed","ping_status":"closed","template":"","meta":{"_et_pb_use_builder":"on","_et_pb_old_content":"","_et_gb_content_width":"","footnotes":""},"class_list":["post-76","page","type-page","status-publish","has-post-thumbnail","hentry"],"_links":{"self":[{"href":"https:\/\/new.casinadegoyzueta.it\/it\/wp-json\/wp\/v2\/pages\/76","targetHints":{"allow":["GET"]}}],"collection":[{"href":"https:\/\/new.casinadegoyzueta.it\/it\/wp-json\/wp\/v2\/pages"}],"about":[{"href":"https:\/\/new.casinadegoyzueta.it\/it\/wp-json\/wp\/v2\/types\/page"}],"author":[{"embeddable":true,"href":"https:\/\/new.casinadegoyzueta.it\/it\/wp-json\/wp\/v2\/users\/1"}],"replies":[{"embeddable":true,"href":"https:\/\/new.casinadegoyzueta.it\/it\/wp-json\/wp\/v2\/comments?post=76"}],"version-history":[{"count":9,"href":"https:\/\/new.casinadegoyzueta.it\/it\/wp-json\/wp\/v2\/pages\/76\/revisions"}],"predecessor-version":[{"id":528,"href":"https:\/\/new.casinadegoyzueta.it\/it\/wp-json\/wp\/v2\/pages\/76\/revisions\/528"}],"wp:featuredmedia":[{"embeddable":true,"href":"https:\/\/new.casinadegoyzueta.it\/it\/wp-json\/wp\/v2\/media\/79"}],"wp:attachment":[{"href":"https:\/\/new.casinadegoyzueta.it\/it\/wp-json\/wp\/v2\/media?parent=76"}],"curies":[{"name":"wp","href":"https:\/\/api.w.org\/{rel}","templated":true}]}}